{"id":109,"date":"2024-11-05T20:27:31","date_gmt":"2024-11-05T20:27:31","guid":{"rendered":"https:\/\/sicaktava.com\/?page_id=109"},"modified":"2024-11-05T23:52:12","modified_gmt":"2024-11-05T23:52:12","slug":"hakkimizda","status":"publish","type":"page","link":"https:\/\/sicaktava.com\/index.php\/hakkimizda\/","title":{"rendered":"Hakk\u0131m\u0131zda"},"content":{"rendered":"\t\t<div data-elementor-type=\"wp-page\" data-elementor-id=\"109\" class=\"elementor elementor-109\">\n\t\t\t\t<div class=\"elementor-element elementor-element-8000e23 e-flex e-con-boxed e-con e-parent\" data-id=\"8000e23\" data-element_type=\"container\">\n\t\t\t\t\t<div class=\"e-con-inner\">\n\t\t<div class=\"elementor-element elementor-element-46a4f58 e-con-full e-flex e-con e-child\" data-id=\"46a4f58\" data-element_type=\"container\">\n\t\t\t\t<div class=\"elementor-element elementor-element-1199693 elementor-widget elementor-widget-image\" data-id=\"1199693\" data-element_type=\"widget\" data-widget_type=\"image.default\">\n\t\t\t\t<div class=\"elementor-widget-container\">\n\t\t\t\t\t\t\t\t\t\t\t\t\t<img fetchpriority=\"high\" decoding=\"async\" width=\"1792\" height=\"406\" src=\"https:\/\/sicaktava.com\/wp-content\/uploads\/2024\/11\/Hakkimizda.png\" class=\"attachment-full size-full wp-image-114\" alt=\"\" srcset=\"https:\/\/sicaktava.com\/wp-content\/uploads\/2024\/11\/Hakkimizda.png 1792w, https:\/\/sicaktava.com\/wp-content\/uploads\/2024\/11\/Hakkimizda-300x68.png 300w, https:\/\/sicaktava.com\/wp-content\/uploads\/2024\/11\/Hakkimizda-1024x232.png 1024w, https:\/\/sicaktava.com\/wp-content\/uploads\/2024\/11\/Hakkimizda-768x174.png 768w, https:\/\/sicaktava.com\/wp-content\/uploads\/2024\/11\/Hakkimizda-1536x348.png 1536w\" sizes=\"(max-width: 1792px) 100vw, 1792px\" \/>\t\t\t\t\t\t\t\t\t\t\t\t\t<\/div>\n\t\t\t\t<\/div>\n\t\t\t\t<\/div>\n\t\t\t\t\t<\/div>\n\t\t\t\t<\/div>\n\t\t<div class=\"elementor-element elementor-element-caefb57 e-flex e-con-boxed e-con e-parent\" data-id=\"caefb57\" data-element_type=\"container\">\n\t\t\t\t\t<div class=\"e-con-inner\">\n\t\t<div class=\"elementor-element elementor-element-3c35124 e-con-full e-flex e-con e-child\" data-id=\"3c35124\" data-element_type=\"container\">\n\t\t\t\t<div class=\"elementor-element elementor-element-fe45c99 elementor-widget elementor-widget-heading\" data-id=\"fe45c99\" data-element_type=\"widget\" data-widget_type=\"heading.default\">\n\t\t\t\t<div class=\"elementor-widget-container\">\n\t\t\t<h2 class=\"elementor-heading-title elementor-size-default\">Hakk\u0131m\u0131zda<\/h2>\t\t<\/div>\n\t\t\t\t<\/div>\n\t\t\t\t<div class=\"elementor-element elementor-element-b84aaac elementor-widget elementor-widget-text-editor\" data-id=\"b84aaac\" data-element_type=\"widget\" data-widget_type=\"text-editor.default\">\n\t\t\t\t<div class=\"elementor-widget-container\">\n\t\t\t\t\t\t\t<p><strong>SICAKTAVA PERAKENDE H\u0130ZMETLER\u0130 MA\u011eAZACILIK \u0130\u00c7 VE DI\u015e T\u0130C. A.\u015e.<\/strong><\/p><p>SICAKTAVA, T\u00fcrkiye&#8217;nin \u00f6nde gelen perakende sekt\u00f6r\u00fcnde en b\u00fcy\u00fck indirim market zincirinin kurulu\u015funda, \u00fclkemizin ilk 7\/24 online perakende markas\u0131n\u0131n hayata ge\u00e7irilmesinde ve T\u00fcrkiye\u2019nin en b\u00fcy\u00fck iki unlu mamul da\u011f\u0131t\u0131m organizasyonunun liderlik pozisyonlar\u0131nda yer alm\u0131\u015f, 20 y\u0131l\u0131 a\u015fk\u0131n deneyime sahip bir ekip taraf\u0131ndan 2019 y\u0131l\u0131nda UMB GLOBAL PARTNERS A.\u015e.\u2019nin bir i\u015ftiraki olarak kurulmu\u015ftur.<\/p><p>2020 y\u0131l\u0131nda yeni yat\u0131r\u0131mc\u0131lar\u0131n kat\u0131l\u0131m\u0131yla SICAKTAVA, b\u00fcy\u00fcme yolculu\u011funu h\u0131zland\u0131rarak faaliyet alanlar\u0131n\u0131 geni\u015fletmi\u015ftir. Bu kapsamda, yerel market zincirlerine y\u00f6nelik unlu mamul da\u011f\u0131t\u0131m organizasyonu hizmetlerine ek olarak HORECA kanallar\u0131, kamu ve \u00f6zel sekt\u00f6r kurumsal m\u00fc\u015fterileri ile tekil sat\u0131\u015f noktalar\u0131na da hizmet vermeye ba\u015flam\u0131\u015ft\u0131r.<\/p><p><b>Faaliyet Alanlar\u0131m\u0131z<br \/><\/b><span style=\"color: var( --e-global-color-text ); font-family: var( --e-global-typography-text-font-family ), Sans-serif; text-align: var(--text-align); background-color: transparent;\"><b><br \/><\/b><span style=\"font-weight: var( --e-global-typography-text-font-weight );\">SICAKTAVA, ba\u015fta pi\u015fmi\u015f, yar\u0131 pi\u015fmi\u015f ve donuk unlu mamul \u00fcr\u00fcnleri olmak \u00fczere, m\u00fc\u015fterilerinin talep etti\u011fi g\u0131da ve g\u0131da d\u0131\u015f\u0131 \u00fcr\u00fcnlerin da\u011f\u0131t\u0131m organizasyonunu sa\u011flamaktad\u0131r. G\u00fc\u00e7l\u00fc lojistik a\u011f\u0131 ve profesyonel ekibiyle m\u00fc\u015fterilerine; <\/span><\/span><strong style=\"color: var( --e-global-color-text ); font-family: var( --e-global-typography-text-font-family ), Sans-serif; text-align: var(--text-align); background-color: transparent;\">kaliteli, sa\u011fl\u0131kl\u0131, hijyenik, g\u00fcvenilir, uygun fiyatl\u0131 ve geni\u015f \u00fcr\u00fcn \u00e7e\u015fitlili\u011fi<\/strong><span style=\"color: var( --e-global-color-text ); font-family: var( --e-global-typography-text-font-family ), Sans-serif; font-weight: var( --e-global-typography-text-font-weight ); text-align: var(--text-align); background-color: transparent;\"> sunmay\u0131 taahh\u00fct eder.<\/span><\/p>\t\t\t\t\t\t<\/div>\n\t\t\t\t<\/div>\n\t\t\t\t<\/div>\n\t\t\t\t\t<\/div>\n\t\t\t\t<\/div>\n\t\t<div class=\"elementor-element elementor-element-02bc808 e-flex e-con-boxed e-con e-parent\" data-id=\"02bc808\" data-element_type=\"container\">\n\t\t\t\t\t<div class=\"e-con-inner\">\n\t\t<div class=\"elementor-element elementor-element-4c27d78 e-con-full e-flex e-con e-child\" data-id=\"4c27d78\" data-element_type=\"container\">\n\t\t\t\t<div class=\"elementor-element elementor-element-09b9df9 elementor-widget elementor-widget-heading\" data-id=\"09b9df9\" data-element_type=\"widget\" data-widget_type=\"heading.default\">\n\t\t\t\t<div class=\"elementor-widget-container\">\n\t\t\t<h2 class=\"elementor-heading-title elementor-size-default\">Tedarik\u00e7ilerimiz i\u00e7in S\u0131caktava STT9\nDestek Diagram\u0131<\/h2>\t\t<\/div>\n\t\t\t\t<\/div>\n\t\t\t\t<\/div>\n\t\t<div class=\"elementor-element elementor-element-4284ee0 e-con-full e-flex e-con e-child\" data-id=\"4284ee0\" data-element_type=\"container\">\n\t\t\t\t<div class=\"elementor-element elementor-element-6395dc2 elementor-widget elementor-widget-image\" data-id=\"6395dc2\" data-element_type=\"widget\" data-widget_type=\"image.default\">\n\t\t\t\t<div class=\"elementor-widget-container\">\n\t\t\t\t\t\t\t\t\t\t\t\t\t<img decoding=\"async\" width=\"1024\" height=\"746\" src=\"https:\/\/sicaktava.com\/wp-content\/uploads\/2024\/11\/diagram-1024x746.png\" class=\"attachment-large size-large wp-image-195\" alt=\"\" srcset=\"https:\/\/sicaktava.com\/wp-content\/uploads\/2024\/11\/diagram-1024x746.png 1024w, https:\/\/sicaktava.com\/wp-content\/uploads\/2024\/11\/diagram-300x218.png 300w, https:\/\/sicaktava.com\/wp-content\/uploads\/2024\/11\/diagram-768x559.png 768w, https:\/\/sicaktava.com\/wp-content\/uploads\/2024\/11\/diagram.png 1140w\" sizes=\"(max-width: 1024px) 100vw, 1024px\" \/>\t\t\t\t\t\t\t\t\t\t\t\t\t<\/div>\n\t\t\t\t<\/div>\n\t\t\t\t<\/div>\n\t\t\t\t\t<\/div>\n\t\t\t\t<\/div>\n\t\t\t\t<\/div>\n\t\t","protected":false},"excerpt":{"rendered":"<p>Hakk\u0131m\u0131zda SICAKTAVA PERAKENDE H\u0130ZMETLER\u0130 MA\u011eAZACILIK \u0130\u00c7 VE DI\u015e T\u0130C. A.\u015e. SICAKTAVA, T\u00fcrkiye&#8217;nin \u00f6nde gelen perakende sekt\u00f6r\u00fcnde en b\u00fcy\u00fck indirim market zincirinin kurulu\u015funda, \u00fclkemizin ilk 7\/24 online perakende markas\u0131n\u0131n hayata ge\u00e7irilmesinde ve T\u00fcrkiye\u2019nin en b\u00fcy\u00fck iki unlu mamul da\u011f\u0131t\u0131m organizasyonunun liderlik pozisyonlar\u0131nda yer alm\u0131\u015f, 20 y\u0131l\u0131 a\u015fk\u0131n deneyime sahip bir ekip taraf\u0131ndan 2019 y\u0131l\u0131nda UMB GLOBAL&#8230;<\/p>\n","protected":false},"author":1,"featured_media":0,"parent":0,"menu_order":0,"comment_status":"closed","ping_status":"closed","template":"","meta":{"_kad_post_transparent":"","_kad_post_title":"hide","_kad_post_layout":"fullwidth","_kad_post_sidebar_id":"","_kad_post_content_style":"unboxed","_kad_post_vertical_padding":"hide","_kad_post_feature":"hide","_kad_post_feature_position":"","_kad_post_header":false,"_kad_post_footer":false,"footnotes":""},"class_list":["post-109","page","type-page","status-publish","hentry"],"yoast_head":"<!-- This site is optimized with the Yoast SEO plugin v23.8 - https:\/\/yoast.com\/wordpress\/plugins\/seo\/ -->\n<title>Hakk\u0131m\u0131zda - S\u0131caktava<\/title>\n<meta name=\"robots\" content=\"index, follow, max-snippet:-1, max-image-preview:large, max-video-preview:-1\" \/>\n<link rel=\"canonical\" href=\"https:\/\/sicaktava.com\/index.php\/hakkimizda\/\" \/>\n<meta property=\"og:locale\" content=\"tr_TR\" \/>\n<meta property=\"og:type\" content=\"article\" \/>\n<meta property=\"og:title\" content=\"Hakk\u0131m\u0131zda - S\u0131caktava\" \/>\n<meta property=\"og:description\" content=\"Hakk\u0131m\u0131zda SICAKTAVA PERAKENDE H\u0130ZMETLER\u0130 MA\u011eAZACILIK \u0130\u00c7 VE DI\u015e T\u0130C. A.\u015e. SICAKTAVA, T\u00fcrkiye&#8217;nin \u00f6nde gelen perakende sekt\u00f6r\u00fcnde en b\u00fcy\u00fck indirim market zincirinin kurulu\u015funda, \u00fclkemizin ilk 7\/24 online perakende markas\u0131n\u0131n hayata ge\u00e7irilmesinde ve T\u00fcrkiye\u2019nin en b\u00fcy\u00fck iki unlu mamul da\u011f\u0131t\u0131m organizasyonunun liderlik pozisyonlar\u0131nda yer alm\u0131\u015f, 20 y\u0131l\u0131 a\u015fk\u0131n deneyime sahip bir ekip taraf\u0131ndan 2019 y\u0131l\u0131nda UMB GLOBAL...\" \/>\n<meta property=\"og:url\" content=\"https:\/\/sicaktava.com\/index.php\/hakkimizda\/\" \/>\n<meta property=\"og:site_name\" content=\"S\u0131caktava\" \/>\n<meta property=\"article:modified_time\" content=\"2024-11-05T23:52:12+00:00\" \/>\n<meta property=\"og:image\" content=\"https:\/\/sicaktava.com\/wp-content\/uploads\/2024\/11\/Hakkimizda.png\" \/>\n<meta name=\"twitter:card\" content=\"summary_large_image\" \/>\n<meta name=\"twitter:label1\" content=\"Tahmini okuma s\u00fcresi\" \/>\n\t<meta name=\"twitter:data1\" content=\"1 dakika\" \/>\n<script type=\"application\/ld+json\" class=\"yoast-schema-graph\">{\"@context\":\"https:\/\/schema.org\",\"@graph\":[{\"@type\":\"WebPage\",\"@id\":\"https:\/\/sicaktava.com\/index.php\/hakkimizda\/\",\"url\":\"https:\/\/sicaktava.com\/index.php\/hakkimizda\/\",\"name\":\"Hakk\u0131m\u0131zda - S\u0131caktava\",\"isPartOf\":{\"@id\":\"https:\/\/sicaktava.com\/#website\"},\"primaryImageOfPage\":{\"@id\":\"https:\/\/sicaktava.com\/index.php\/hakkimizda\/#primaryimage\"},\"image\":{\"@id\":\"https:\/\/sicaktava.com\/index.php\/hakkimizda\/#primaryimage\"},\"thumbnailUrl\":\"https:\/\/sicaktava.com\/wp-content\/uploads\/2024\/11\/Hakkimizda.png\",\"datePublished\":\"2024-11-05T20:27:31+00:00\",\"dateModified\":\"2024-11-05T23:52:12+00:00\",\"breadcrumb\":{\"@id\":\"https:\/\/sicaktava.com\/index.php\/hakkimizda\/#breadcrumb\"},\"inLanguage\":\"tr\",\"potentialAction\":[{\"@type\":\"ReadAction\",\"target\":[\"https:\/\/sicaktava.com\/index.php\/hakkimizda\/\"]}]},{\"@type\":\"ImageObject\",\"inLanguage\":\"tr\",\"@id\":\"https:\/\/sicaktava.com\/index.php\/hakkimizda\/#primaryimage\",\"url\":\"https:\/\/sicaktava.com\/wp-content\/uploads\/2024\/11\/Hakkimizda.png\",\"contentUrl\":\"https:\/\/sicaktava.com\/wp-content\/uploads\/2024\/11\/Hakkimizda.png\",\"width\":1792,\"height\":406},{\"@type\":\"BreadcrumbList\",\"@id\":\"https:\/\/sicaktava.com\/index.php\/hakkimizda\/#breadcrumb\",\"itemListElement\":[{\"@type\":\"ListItem\",\"position\":1,\"name\":\"Anasayfa\",\"item\":\"https:\/\/sicaktava.com\/\"},{\"@type\":\"ListItem\",\"position\":2,\"name\":\"Hakk\u0131m\u0131zda\"}]},{\"@type\":\"WebSite\",\"@id\":\"https:\/\/sicaktava.com\/#website\",\"url\":\"https:\/\/sicaktava.com\/\",\"name\":\"S\u0131caktava\",\"description\":\"Lezzet Tedarik\u00e7isi S\u0131cak Tava ile \u0130\u015finize Tat Kat\u0131n!\",\"publisher\":{\"@id\":\"https:\/\/sicaktava.com\/#organization\"},\"potentialAction\":[{\"@type\":\"SearchAction\",\"target\":{\"@type\":\"EntryPoint\",\"urlTemplate\":\"https:\/\/sicaktava.com\/?s={search_term_string}\"},\"query-input\":{\"@type\":\"PropertyValueSpecification\",\"valueRequired\":true,\"valueName\":\"search_term_string\"}}],\"inLanguage\":\"tr\"},{\"@type\":\"Organization\",\"@id\":\"https:\/\/sicaktava.com\/#organization\",\"name\":\"SICAKTAVA PERAKENDE H\u0130ZMETLER\u0130 MA\u011eAZACILIK \u0130\u00c7 VE DI\u015e T\u0130C. A.\u015e.\",\"url\":\"https:\/\/sicaktava.com\/\",\"logo\":{\"@type\":\"ImageObject\",\"inLanguage\":\"tr\",\"@id\":\"https:\/\/sicaktava.com\/#\/schema\/logo\/image\/\",\"url\":\"https:\/\/sicaktava.com\/wp-content\/uploads\/2024\/11\/logo.png\",\"contentUrl\":\"https:\/\/sicaktava.com\/wp-content\/uploads\/2024\/11\/logo.png\",\"width\":369,\"height\":210,\"caption\":\"SICAKTAVA PERAKENDE H\u0130ZMETLER\u0130 MA\u011eAZACILIK \u0130\u00c7 VE DI\u015e T\u0130C. A.\u015e.\"},\"image\":{\"@id\":\"https:\/\/sicaktava.com\/#\/schema\/logo\/image\/\"}}]}<\/script>\n<!-- \/ Yoast SEO plugin. -->","yoast_head_json":{"title":"Hakk\u0131m\u0131zda - S\u0131caktava","robots":{"index":"index","follow":"follow","max-snippet":"max-snippet:-1","max-image-preview":"max-image-preview:large","max-video-preview":"max-video-preview:-1"},"canonical":"https:\/\/sicaktava.com\/index.php\/hakkimizda\/","og_locale":"tr_TR","og_type":"article","og_title":"Hakk\u0131m\u0131zda - S\u0131caktava","og_description":"Hakk\u0131m\u0131zda SICAKTAVA PERAKENDE H\u0130ZMETLER\u0130 MA\u011eAZACILIK \u0130\u00c7 VE DI\u015e T\u0130C. A.\u015e. SICAKTAVA, T\u00fcrkiye&#8217;nin \u00f6nde gelen perakende sekt\u00f6r\u00fcnde en b\u00fcy\u00fck indirim market zincirinin kurulu\u015funda, \u00fclkemizin ilk 7\/24 online perakende markas\u0131n\u0131n hayata ge\u00e7irilmesinde ve T\u00fcrkiye\u2019nin en b\u00fcy\u00fck iki unlu mamul da\u011f\u0131t\u0131m organizasyonunun liderlik pozisyonlar\u0131nda yer alm\u0131\u015f, 20 y\u0131l\u0131 a\u015fk\u0131n deneyime sahip bir ekip taraf\u0131ndan 2019 y\u0131l\u0131nda UMB GLOBAL...","og_url":"https:\/\/sicaktava.com\/index.php\/hakkimizda\/","og_site_name":"S\u0131caktava","article_modified_time":"2024-11-05T23:52:12+00:00","og_image":[{"url":"https:\/\/sicaktava.com\/wp-content\/uploads\/2024\/11\/Hakkimizda.png"}],"twitter_card":"summary_large_image","twitter_misc":{"Tahmini okuma s\u00fcresi":"1 dakika"},"schema":{"@context":"https:\/\/schema.org","@graph":[{"@type":"WebPage","@id":"https:\/\/sicaktava.com\/index.php\/hakkimizda\/","url":"https:\/\/sicaktava.com\/index.php\/hakkimizda\/","name":"Hakk\u0131m\u0131zda - S\u0131caktava","isPartOf":{"@id":"https:\/\/sicaktava.com\/#website"},"primaryImageOfPage":{"@id":"https:\/\/sicaktava.com\/index.php\/hakkimizda\/#primaryimage"},"image":{"@id":"https:\/\/sicaktava.com\/index.php\/hakkimizda\/#primaryimage"},"thumbnailUrl":"https:\/\/sicaktava.com\/wp-content\/uploads\/2024\/11\/Hakkimizda.png","datePublished":"2024-11-05T20:27:31+00:00","dateModified":"2024-11-05T23:52:12+00:00","breadcrumb":{"@id":"https:\/\/sicaktava.com\/index.php\/hakkimizda\/#breadcrumb"},"inLanguage":"tr","potentialAction":[{"@type":"ReadAction","target":["https:\/\/sicaktava.com\/index.php\/hakkimizda\/"]}]},{"@type":"ImageObject","inLanguage":"tr","@id":"https:\/\/sicaktava.com\/index.php\/hakkimizda\/#primaryimage","url":"https:\/\/sicaktava.com\/wp-content\/uploads\/2024\/11\/Hakkimizda.png","contentUrl":"https:\/\/sicaktava.com\/wp-content\/uploads\/2024\/11\/Hakkimizda.png","width":1792,"height":406},{"@type":"BreadcrumbList","@id":"https:\/\/sicaktava.com\/index.php\/hakkimizda\/#breadcrumb","itemListElement":[{"@type":"ListItem","position":1,"name":"Anasayfa","item":"https:\/\/sicaktava.com\/"},{"@type":"ListItem","position":2,"name":"Hakk\u0131m\u0131zda"}]},{"@type":"WebSite","@id":"https:\/\/sicaktava.com\/#website","url":"https:\/\/sicaktava.com\/","name":"S\u0131caktava","description":"Lezzet Tedarik\u00e7isi S\u0131cak Tava ile \u0130\u015finize Tat Kat\u0131n!","publisher":{"@id":"https:\/\/sicaktava.com\/#organization"},"potentialAction":[{"@type":"SearchAction","target":{"@type":"EntryPoint","urlTemplate":"https:\/\/sicaktava.com\/?s={search_term_string}"},"query-input":{"@type":"PropertyValueSpecification","valueRequired":true,"valueName":"search_term_string"}}],"inLanguage":"tr"},{"@type":"Organization","@id":"https:\/\/sicaktava.com\/#organization","name":"SICAKTAVA PERAKENDE H\u0130ZMETLER\u0130 MA\u011eAZACILIK \u0130\u00c7 VE DI\u015e T\u0130C. A.\u015e.","url":"https:\/\/sicaktava.com\/","logo":{"@type":"ImageObject","inLanguage":"tr","@id":"https:\/\/sicaktava.com\/#\/schema\/logo\/image\/","url":"https:\/\/sicaktava.com\/wp-content\/uploads\/2024\/11\/logo.png","contentUrl":"https:\/\/sicaktava.com\/wp-content\/uploads\/2024\/11\/logo.png","width":369,"height":210,"caption":"SICAKTAVA PERAKENDE H\u0130ZMETLER\u0130 MA\u011eAZACILIK \u0130\u00c7 VE DI\u015e T\u0130C. A.\u015e."},"image":{"@id":"https:\/\/sicaktava.com\/#\/schema\/logo\/image\/"}}]}},"_links":{"self":[{"href":"https:\/\/sicaktava.com\/index.php\/wp-json\/wp\/v2\/pages\/109","targetHints":{"allow":["GET"]}}],"collection":[{"href":"https:\/\/sicaktava.com\/index.php\/wp-json\/wp\/v2\/pages"}],"about":[{"href":"https:\/\/sicaktava.com\/index.php\/wp-json\/wp\/v2\/types\/page"}],"author":[{"embeddable":true,"href":"https:\/\/sicaktava.com\/index.php\/wp-json\/wp\/v2\/users\/1"}],"replies":[{"embeddable":true,"href":"https:\/\/sicaktava.com\/index.php\/wp-json\/wp\/v2\/comments?post=109"}],"version-history":[{"count":10,"href":"https:\/\/sicaktava.com\/index.php\/wp-json\/wp\/v2\/pages\/109\/revisions"}],"predecessor-version":[{"id":198,"href":"https:\/\/sicaktava.com\/index.php\/wp-json\/wp\/v2\/pages\/109\/revisions\/198"}],"wp:attachment":[{"href":"https:\/\/sicaktava.com\/index.php\/wp-json\/wp\/v2\/media?parent=109"}],"curies":[{"name":"wp","href":"https:\/\/api.w.org\/{rel}","templated":true}]}}