{"id":134,"date":"2024-11-05T21:30:44","date_gmt":"2024-11-05T21:30:44","guid":{"rendered":"https:\/\/sicaktava.com\/?page_id=134"},"modified":"2024-11-05T22:03:26","modified_gmt":"2024-11-05T22:03:26","slug":"referanslarimiz","status":"publish","type":"page","link":"https:\/\/sicaktava.com\/index.php\/referanslarimiz\/","title":{"rendered":"Referanslar\u0131m\u0131z"},"content":{"rendered":"\t\t<div data-elementor-type=\"wp-page\" data-elementor-id=\"134\" class=\"elementor elementor-134\">\n\t\t\t\t<div class=\"elementor-element elementor-element-349a3b8 e-flex e-con-boxed e-con e-parent\" data-id=\"349a3b8\" data-element_type=\"container\">\n\t\t\t\t\t<div class=\"e-con-inner\">\n\t\t<div class=\"elementor-element elementor-element-1b5e94b e-con-full e-flex e-con e-child\" data-id=\"1b5e94b\" data-element_type=\"container\">\n\t\t\t\t<div class=\"elementor-element elementor-element-ca68e18 elementor-widget elementor-widget-heading\" data-id=\"ca68e18\" data-element_type=\"widget\" data-widget_type=\"heading.default\">\n\t\t\t\t<div class=\"elementor-widget-container\">\n\t\t\t<h2 class=\"elementor-heading-title elementor-size-default\">Referanslar\u0131m\u0131z<\/h2>\t\t<\/div>\n\t\t\t\t<\/div>\n\t\t\t\t<\/div>\n\t\t\t\t\t<\/div>\n\t\t\t\t<\/div>\n\t\t<div class=\"elementor-element elementor-element-108506d e-flex e-con-boxed e-con e-parent\" data-id=\"108506d\" data-element_type=\"container\">\n\t\t\t\t\t<div class=\"e-con-inner\">\n\t\t<div class=\"elementor-element elementor-element-216bc66 e-con-full e-flex e-con e-child\" data-id=\"216bc66\" data-element_type=\"container\">\n\t\t<div class=\"elementor-element elementor-element-5221ce7 e-con-full e-flex e-con e-child\" data-id=\"5221ce7\" data-element_type=\"container\">\n\t\t\t\t<div class=\"elementor-element elementor-element-610ec3d elementor-widget elementor-widget-image\" data-id=\"610ec3d\" data-element_type=\"widget\" data-widget_type=\"image.default\">\n\t\t\t\t<div class=\"elementor-widget-container\">\n\t\t\t\t\t\t\t\t\t\t\t\t\t<img fetchpriority=\"high\" decoding=\"async\" width=\"650\" height=\"360\" src=\"https:\/\/sicaktava.com\/wp-content\/uploads\/2024\/11\/kim-market-darica-ya-sube-aciyor.jpg\" class=\"attachment-large size-large wp-image-145\" alt=\"\" srcset=\"https:\/\/sicaktava.com\/wp-content\/uploads\/2024\/11\/kim-market-darica-ya-sube-aciyor.jpg 650w, https:\/\/sicaktava.com\/wp-content\/uploads\/2024\/11\/kim-market-darica-ya-sube-aciyor-300x166.jpg 300w\" sizes=\"(max-width: 650px) 100vw, 650px\" \/>\t\t\t\t\t\t\t\t\t\t\t\t\t<\/div>\n\t\t\t\t<\/div>\n\t\t\t\t<\/div>\n\t\t<div class=\"elementor-element elementor-element-bba7f94 e-con-full e-flex e-con e-child\" data-id=\"bba7f94\" data-element_type=\"container\">\n\t\t\t\t<div class=\"elementor-element elementor-element-ba6d595 elementor-widget elementor-widget-image\" data-id=\"ba6d595\" data-element_type=\"widget\" data-widget_type=\"image.default\">\n\t\t\t\t<div class=\"elementor-widget-container\">\n\t\t\t\t\t\t\t\t\t\t\t\t\t<img decoding=\"async\" width=\"400\" height=\"200\" src=\"https:\/\/sicaktava.com\/wp-content\/uploads\/2024\/11\/show.jpg\" class=\"attachment-large size-large wp-image-150\" alt=\"\" srcset=\"https:\/\/sicaktava.com\/wp-content\/uploads\/2024\/11\/show.jpg 400w, https:\/\/sicaktava.com\/wp-content\/uploads\/2024\/11\/show-300x150.jpg 300w\" sizes=\"(max-width: 400px) 100vw, 400px\" \/>\t\t\t\t\t\t\t\t\t\t\t\t\t<\/div>\n\t\t\t\t<\/div>\n\t\t\t\t<\/div>\n\t\t<div class=\"elementor-element elementor-element-d1e3fb0 e-con-full e-flex e-con e-child\" data-id=\"d1e3fb0\" data-element_type=\"container\">\n\t\t\t\t<div class=\"elementor-element elementor-element-91e2731 elementor-widget elementor-widget-image\" data-id=\"91e2731\" data-element_type=\"widget\" data-widget_type=\"image.default\">\n\t\t\t\t<div class=\"elementor-widget-container\">\n\t\t\t\t\t\t\t\t\t\t\t\t\t<img decoding=\"async\" width=\"225\" height=\"225\" src=\"https:\/\/sicaktava.com\/wp-content\/uploads\/2024\/11\/happycenter.jpg\" class=\"attachment-large size-large wp-image-144\" alt=\"\" srcset=\"https:\/\/sicaktava.com\/wp-content\/uploads\/2024\/11\/happycenter.jpg 225w, https:\/\/sicaktava.com\/wp-content\/uploads\/2024\/11\/happycenter-150x150.jpg 150w\" sizes=\"(max-width: 225px) 100vw, 225px\" \/>\t\t\t\t\t\t\t\t\t\t\t\t\t<\/div>\n\t\t\t\t<\/div>\n\t\t\t\t<\/div>\n\t\t\t\t<\/div>\n\t\t<div class=\"elementor-element elementor-element-9b78c8e e-con-full e-flex e-con e-child\" data-id=\"9b78c8e\" data-element_type=\"container\">\n\t\t<div class=\"elementor-element elementor-element-9e5c01d e-con-full e-flex e-con e-child\" data-id=\"9e5c01d\" data-element_type=\"container\">\n\t\t\t\t<div class=\"elementor-element elementor-element-515fb8a elementor-widget elementor-widget-image\" data-id=\"515fb8a\" data-element_type=\"widget\" data-widget_type=\"image.default\">\n\t\t\t\t<div class=\"elementor-widget-container\">\n\t\t\t\t\t\t\t\t\t\t\t\t\t<img loading=\"lazy\" decoding=\"async\" width=\"225\" height=\"142\" src=\"https:\/\/sicaktava.com\/wp-content\/uploads\/2024\/11\/gourmentgarage-e1730844820354.png\" class=\"attachment-large size-large wp-image-142\" alt=\"\" \/>\t\t\t\t\t\t\t\t\t\t\t\t\t<\/div>\n\t\t\t\t<\/div>\n\t\t\t\t<\/div>\n\t\t<div class=\"elementor-element elementor-element-b5909cf e-con-full e-flex e-con e-child\" data-id=\"b5909cf\" data-element_type=\"container\">\n\t\t\t\t<div class=\"elementor-element elementor-element-5cb6317 elementor-widget elementor-widget-image\" data-id=\"5cb6317\" data-element_type=\"widget\" data-widget_type=\"image.default\">\n\t\t\t\t<div class=\"elementor-widget-container\">\n\t\t\t\t\t\t\t\t\t\t\t\t\t<img loading=\"lazy\" decoding=\"async\" width=\"400\" height=\"222\" src=\"https:\/\/sicaktava.com\/wp-content\/uploads\/2024\/11\/onur.png\" class=\"attachment-large size-large wp-image-147\" alt=\"\" srcset=\"https:\/\/sicaktava.com\/wp-content\/uploads\/2024\/11\/onur.png 400w, https:\/\/sicaktava.com\/wp-content\/uploads\/2024\/11\/onur-300x167.png 300w\" sizes=\"(max-width: 400px) 100vw, 400px\" \/>\t\t\t\t\t\t\t\t\t\t\t\t\t<\/div>\n\t\t\t\t<\/div>\n\t\t\t\t<\/div>\n\t\t<div class=\"elementor-element elementor-element-f6a2ba3 e-con-full e-flex e-con e-child\" data-id=\"f6a2ba3\" data-element_type=\"container\">\n\t\t\t\t<div class=\"elementor-element elementor-element-1ef1d36 elementor-widget elementor-widget-image\" data-id=\"1ef1d36\" data-element_type=\"widget\" data-widget_type=\"image.default\">\n\t\t\t\t<div class=\"elementor-widget-container\">\n\t\t\t\t\t\t\t\t\t\t\t\t\t<img loading=\"lazy\" decoding=\"async\" width=\"400\" height=\"200\" src=\"https:\/\/sicaktava.com\/wp-content\/uploads\/2024\/11\/snowy.jpg\" class=\"attachment-large size-large wp-image-151\" alt=\"\" srcset=\"https:\/\/sicaktava.com\/wp-content\/uploads\/2024\/11\/snowy.jpg 400w, https:\/\/sicaktava.com\/wp-content\/uploads\/2024\/11\/snowy-300x150.jpg 300w\" sizes=\"(max-width: 400px) 100vw, 400px\" \/>\t\t\t\t\t\t\t\t\t\t\t\t\t<\/div>\n\t\t\t\t<\/div>\n\t\t\t\t<\/div>\n\t\t\t\t<\/div>\n\t\t<div class=\"elementor-element elementor-element-e0ab53d e-con-full e-flex e-con e-child\" data-id=\"e0ab53d\" data-element_type=\"container\">\n\t\t<div class=\"elementor-element elementor-element-9741aaa e-con-full e-flex e-con e-child\" data-id=\"9741aaa\" data-element_type=\"container\">\n\t\t\t\t<div class=\"elementor-element elementor-element-cc79ef7 elementor-widget elementor-widget-image\" data-id=\"cc79ef7\" data-element_type=\"widget\" data-widget_type=\"image.default\">\n\t\t\t\t<div class=\"elementor-widget-container\">\n\t\t\t\t\t\t\t\t\t\t\t\t\t<img loading=\"lazy\" decoding=\"async\" width=\"516\" height=\"272\" src=\"https:\/\/sicaktava.com\/wp-content\/uploads\/2024\/11\/aranas.png\" class=\"attachment-large size-large wp-image-138\" alt=\"\" srcset=\"https:\/\/sicaktava.com\/wp-content\/uploads\/2024\/11\/aranas.png 516w, https:\/\/sicaktava.com\/wp-content\/uploads\/2024\/11\/aranas-300x158.png 300w\" sizes=\"(max-width: 516px) 100vw, 516px\" \/>\t\t\t\t\t\t\t\t\t\t\t\t\t<\/div>\n\t\t\t\t<\/div>\n\t\t\t\t<\/div>\n\t\t<div class=\"elementor-element elementor-element-ea11356 e-con-full e-flex e-con e-child\" data-id=\"ea11356\" data-element_type=\"container\">\n\t\t\t\t<div class=\"elementor-element elementor-element-e936199 elementor-widget elementor-widget-image\" data-id=\"e936199\" data-element_type=\"widget\" data-widget_type=\"image.default\">\n\t\t\t\t<div class=\"elementor-widget-container\">\n\t\t\t\t\t\t\t\t\t\t\t\t\t<img loading=\"lazy\" decoding=\"async\" width=\"389\" height=\"130\" src=\"https:\/\/sicaktava.com\/wp-content\/uploads\/2024\/11\/grosper.png\" class=\"attachment-large size-large wp-image-143\" alt=\"\" srcset=\"https:\/\/sicaktava.com\/wp-content\/uploads\/2024\/11\/grosper.png 389w, https:\/\/sicaktava.com\/wp-content\/uploads\/2024\/11\/grosper-300x100.png 300w\" sizes=\"(max-width: 389px) 100vw, 389px\" \/>\t\t\t\t\t\t\t\t\t\t\t\t\t<\/div>\n\t\t\t\t<\/div>\n\t\t\t\t<\/div>\n\t\t<div class=\"elementor-element elementor-element-5bbab6b e-con-full e-flex e-con e-child\" data-id=\"5bbab6b\" data-element_type=\"container\">\n\t\t\t\t<div class=\"elementor-element elementor-element-b4e5340 elementor-widget elementor-widget-image\" data-id=\"b4e5340\" data-element_type=\"widget\" data-widget_type=\"image.default\">\n\t\t\t\t<div class=\"elementor-widget-container\">\n\t\t\t\t\t\t\t\t\t\t\t\t\t<img loading=\"lazy\" decoding=\"async\" width=\"240\" height=\"120\" src=\"https:\/\/sicaktava.com\/wp-content\/uploads\/2024\/11\/ozengross.png\" class=\"attachment-large size-large wp-image-157\" alt=\"\" \/>\t\t\t\t\t\t\t\t\t\t\t\t\t<\/div>\n\t\t\t\t<\/div>\n\t\t\t\t<\/div>\n\t\t\t\t<\/div>\n\t\t<div class=\"elementor-element elementor-element-14e5a90 e-con-full e-flex e-con e-child\" data-id=\"14e5a90\" data-element_type=\"container\">\n\t\t<div class=\"elementor-element elementor-element-ff5ebec e-con-full e-flex e-con e-child\" data-id=\"ff5ebec\" data-element_type=\"container\">\n\t\t\t\t<div class=\"elementor-element elementor-element-1b2725e elementor-widget elementor-widget-image\" data-id=\"1b2725e\" data-element_type=\"widget\" data-widget_type=\"image.default\">\n\t\t\t\t<div class=\"elementor-widget-container\">\n\t\t\t\t\t\t\t\t\t\t\t\t\t<img loading=\"lazy\" decoding=\"async\" width=\"225\" height=\"225\" src=\"https:\/\/sicaktava.com\/wp-content\/uploads\/2024\/11\/ozhan.png\" class=\"attachment-large size-large wp-image-149\" alt=\"\" srcset=\"https:\/\/sicaktava.com\/wp-content\/uploads\/2024\/11\/ozhan.png 225w, https:\/\/sicaktava.com\/wp-content\/uploads\/2024\/11\/ozhan-150x150.png 150w\" sizes=\"(max-width: 225px) 100vw, 225px\" \/>\t\t\t\t\t\t\t\t\t\t\t\t\t<\/div>\n\t\t\t\t<\/div>\n\t\t\t\t<\/div>\n\t\t<div class=\"elementor-element elementor-element-ff9c9e3 e-con-full e-flex e-con e-child\" data-id=\"ff9c9e3\" data-element_type=\"container\">\n\t\t\t\t<div class=\"elementor-element elementor-element-319a87a elementor-widget elementor-widget-image\" data-id=\"319a87a\" data-element_type=\"widget\" data-widget_type=\"image.default\">\n\t\t\t\t<div class=\"elementor-widget-container\">\n\t\t\t\t\t\t\t\t\t\t\t\t\t<img loading=\"lazy\" decoding=\"async\" width=\"284\" height=\"97\" src=\"https:\/\/sicaktava.com\/wp-content\/uploads\/2024\/11\/bicen.png\" class=\"attachment-large size-large wp-image-141\" alt=\"\" \/>\t\t\t\t\t\t\t\t\t\t\t\t\t<\/div>\n\t\t\t\t<\/div>\n\t\t\t\t<\/div>\n\t\t<div class=\"elementor-element elementor-element-3e24f3e e-con-full e-flex e-con e-child\" data-id=\"3e24f3e\" data-element_type=\"container\">\n\t\t\t\t<div class=\"elementor-element elementor-element-1c1c882 elementor-widget elementor-widget-image\" data-id=\"1c1c882\" data-element_type=\"widget\" data-widget_type=\"image.default\">\n\t\t\t\t<div class=\"elementor-widget-container\">\n\t\t\t\t\t\t\t\t\t\t\t\t\t<img loading=\"lazy\" decoding=\"async\" width=\"225\" height=\"225\" src=\"https:\/\/sicaktava.com\/wp-content\/uploads\/2024\/11\/arden.jpg\" class=\"attachment-large size-large wp-image-139\" alt=\"\" srcset=\"https:\/\/sicaktava.com\/wp-content\/uploads\/2024\/11\/arden.jpg 225w, https:\/\/sicaktava.com\/wp-content\/uploads\/2024\/11\/arden-150x150.jpg 150w\" sizes=\"(max-width: 225px) 100vw, 225px\" \/>\t\t\t\t\t\t\t\t\t\t\t\t\t<\/div>\n\t\t\t\t<\/div>\n\t\t\t\t<\/div>\n\t\t\t\t<\/div>\n\t\t<div class=\"elementor-element elementor-element-8602392 e-con-full e-flex e-con e-child\" data-id=\"8602392\" data-element_type=\"container\">\n\t\t<div class=\"elementor-element elementor-element-0c2f2fe e-con-full e-flex e-con e-child\" data-id=\"0c2f2fe\" data-element_type=\"container\">\n\t\t\t\t<div class=\"elementor-element elementor-element-44e0bf9 elementor-widget elementor-widget-image\" data-id=\"44e0bf9\" data-element_type=\"widget\" data-widget_type=\"image.default\">\n\t\t\t\t<div class=\"elementor-widget-container\">\n\t\t\t\t\t\t\t\t\t\t\t\t\t<img loading=\"lazy\" decoding=\"async\" width=\"318\" height=\"159\" src=\"https:\/\/sicaktava.com\/wp-content\/uploads\/2024\/11\/nar.jpg\" class=\"attachment-large size-large wp-image-146\" alt=\"\" srcset=\"https:\/\/sicaktava.com\/wp-content\/uploads\/2024\/11\/nar.jpg 318w, https:\/\/sicaktava.com\/wp-content\/uploads\/2024\/11\/nar-300x150.jpg 300w\" sizes=\"(max-width: 318px) 100vw, 318px\" \/>\t\t\t\t\t\t\t\t\t\t\t\t\t<\/div>\n\t\t\t\t<\/div>\n\t\t\t\t<\/div>\n\t\t<div class=\"elementor-element elementor-element-b58827f e-con-full e-flex e-con e-child\" data-id=\"b58827f\" data-element_type=\"container\">\n\t\t\t\t<div class=\"elementor-element elementor-element-ec2c243 elementor-widget elementor-widget-image\" data-id=\"ec2c243\" data-element_type=\"widget\" data-widget_type=\"image.default\">\n\t\t\t\t<div class=\"elementor-widget-container\">\n\t\t\t\t\t\t\t\t\t\t\t\t\t<img loading=\"lazy\" decoding=\"async\" width=\"225\" height=\"225\" src=\"https:\/\/sicaktava.com\/wp-content\/uploads\/2024\/11\/gokkusagi.png\" class=\"attachment-large size-large wp-image-152\" alt=\"\" srcset=\"https:\/\/sicaktava.com\/wp-content\/uploads\/2024\/11\/gokkusagi.png 225w, https:\/\/sicaktava.com\/wp-content\/uploads\/2024\/11\/gokkusagi-150x150.png 150w\" sizes=\"(max-width: 225px) 100vw, 225px\" \/>\t\t\t\t\t\t\t\t\t\t\t\t\t<\/div>\n\t\t\t\t<\/div>\n\t\t\t\t<\/div>\n\t\t<div class=\"elementor-element elementor-element-367f76d e-con-full e-flex e-con e-child\" data-id=\"367f76d\" data-element_type=\"container\">\n\t\t\t\t<div class=\"elementor-element elementor-element-e9c6fc6 elementor-widget elementor-widget-image\" data-id=\"e9c6fc6\" data-element_type=\"widget\" data-widget_type=\"image.default\">\n\t\t\t\t<div class=\"elementor-widget-container\">\n\t\t\t\t\t\t\t\t\t\t\t\t\t<img loading=\"lazy\" decoding=\"async\" width=\"300\" height=\"90\" src=\"https:\/\/sicaktava.com\/wp-content\/uploads\/2024\/11\/irmaklar.jpg\" class=\"attachment-large size-large wp-image-153\" alt=\"\" \/>\t\t\t\t\t\t\t\t\t\t\t\t\t<\/div>\n\t\t\t\t<\/div>\n\t\t\t\t<\/div>\n\t\t\t\t<\/div>\n\t\t<div class=\"elementor-element elementor-element-a231d8f e-con-full e-flex e-con e-child\" data-id=\"a231d8f\" data-element_type=\"container\">\n\t\t<div class=\"elementor-element elementor-element-dd33c2b e-con-full e-flex e-con e-child\" data-id=\"dd33c2b\" data-element_type=\"container\">\n\t\t\t\t<div class=\"elementor-element elementor-element-6cd9822 elementor-widget elementor-widget-image\" data-id=\"6cd9822\" data-element_type=\"widget\" data-widget_type=\"image.default\">\n\t\t\t\t<div class=\"elementor-widget-container\">\n\t\t\t\t\t\t\t\t\t\t\t\t\t<img loading=\"lazy\" decoding=\"async\" width=\"281\" height=\"180\" src=\"https:\/\/sicaktava.com\/wp-content\/uploads\/2024\/11\/ozdilek-1.png\" class=\"attachment-large size-large wp-image-154\" alt=\"\" \/>\t\t\t\t\t\t\t\t\t\t\t\t\t<\/div>\n\t\t\t\t<\/div>\n\t\t\t\t<\/div>\n\t\t<div class=\"elementor-element elementor-element-ef5d0ab e-con-full e-flex e-con e-child\" data-id=\"ef5d0ab\" data-element_type=\"container\">\n\t\t\t\t<div class=\"elementor-element elementor-element-7d5f85f elementor-widget elementor-widget-image\" data-id=\"7d5f85f\" data-element_type=\"widget\" data-widget_type=\"image.default\">\n\t\t\t\t<div class=\"elementor-widget-container\">\n\t\t\t\t\t\t\t\t\t\t\t\t\t<img loading=\"lazy\" decoding=\"async\" width=\"302\" height=\"167\" src=\"https:\/\/sicaktava.com\/wp-content\/uploads\/2024\/11\/aypa-1.png\" class=\"attachment-large size-large wp-image-155\" alt=\"\" srcset=\"https:\/\/sicaktava.com\/wp-content\/uploads\/2024\/11\/aypa-1.png 302w, https:\/\/sicaktava.com\/wp-content\/uploads\/2024\/11\/aypa-1-300x166.png 300w\" sizes=\"(max-width: 302px) 100vw, 302px\" \/>\t\t\t\t\t\t\t\t\t\t\t\t\t<\/div>\n\t\t\t\t<\/div>\n\t\t\t\t<\/div>\n\t\t<div class=\"elementor-element elementor-element-1011ff0 e-con-full e-flex e-con e-child\" data-id=\"1011ff0\" data-element_type=\"container\">\n\t\t\t\t<div class=\"elementor-element elementor-element-040950d elementor-widget elementor-widget-image\" data-id=\"040950d\" data-element_type=\"widget\" data-widget_type=\"image.default\">\n\t\t\t\t<div class=\"elementor-widget-container\">\n\t\t\t\t\t\t\t\t\t\t\t\t\t<img loading=\"lazy\" decoding=\"async\" width=\"225\" height=\"225\" src=\"https:\/\/sicaktava.com\/wp-content\/uploads\/2024\/11\/seyhanlar.jpg\" class=\"attachment-large size-large wp-image-156\" alt=\"\" srcset=\"https:\/\/sicaktava.com\/wp-content\/uploads\/2024\/11\/seyhanlar.jpg 225w, https:\/\/sicaktava.com\/wp-content\/uploads\/2024\/11\/seyhanlar-150x150.jpg 150w\" sizes=\"(max-width: 225px) 100vw, 225px\" \/>\t\t\t\t\t\t\t\t\t\t\t\t\t<\/div>\n\t\t\t\t<\/div>\n\t\t\t\t<\/div>\n\t\t\t\t<\/div>\n\t\t\t\t\t<\/div>\n\t\t\t\t<\/div>\n\t\t\t\t<\/div>\n\t\t","protected":false},"excerpt":{"rendered":"<p>Referanslar\u0131m\u0131z<\/p>\n","protected":false},"author":1,"featured_media":0,"parent":0,"menu_order":0,"comment_status":"closed","ping_status":"closed","template":"","meta":{"_kad_post_transparent":"","_kad_post_title":"hide","_kad_post_layout":"fullwidth","_kad_post_sidebar_id":"","_kad_post_content_style":"unboxed","_kad_post_vertical_padding":"hide","_kad_post_feature":"hide","_kad_post_feature_position":"","_kad_post_header":false,"_kad_post_footer":false,"footnotes":""},"class_list":["post-134","page","type-page","status-publish","hentry"],"yoast_head":"<!-- This site is optimized with the Yoast SEO plugin v23.8 - https:\/\/yoast.com\/wordpress\/plugins\/seo\/ -->\n<title>Referanslar\u0131m\u0131z - S\u0131caktava<\/title>\n<meta name=\"robots\" content=\"index, follow, max-snippet:-1, max-image-preview:large, max-video-preview:-1\" \/>\n<link rel=\"canonical\" href=\"https:\/\/sicaktava.com\/index.php\/referanslarimiz\/\" \/>\n<meta property=\"og:locale\" content=\"tr_TR\" \/>\n<meta property=\"og:type\" content=\"article\" \/>\n<meta property=\"og:title\" content=\"Referanslar\u0131m\u0131z - S\u0131caktava\" \/>\n<meta property=\"og:description\" content=\"Referanslar\u0131m\u0131z\" \/>\n<meta property=\"og:url\" content=\"https:\/\/sicaktava.com\/index.php\/referanslarimiz\/\" \/>\n<meta property=\"og:site_name\" content=\"S\u0131caktava\" \/>\n<meta property=\"article:modified_time\" content=\"2024-11-05T22:03:26+00:00\" \/>\n<meta property=\"og:image\" content=\"https:\/\/sicaktava.com\/wp-content\/uploads\/2024\/11\/kim-market-darica-ya-sube-aciyor.jpg\" \/>\n<meta name=\"twitter:card\" content=\"summary_large_image\" \/>\n<script type=\"application\/ld+json\" class=\"yoast-schema-graph\">{\"@context\":\"https:\/\/schema.org\",\"@graph\":[{\"@type\":\"WebPage\",\"@id\":\"https:\/\/sicaktava.com\/index.php\/referanslarimiz\/\",\"url\":\"https:\/\/sicaktava.com\/index.php\/referanslarimiz\/\",\"name\":\"Referanslar\u0131m\u0131z - S\u0131caktava\",\"isPartOf\":{\"@id\":\"https:\/\/sicaktava.com\/#website\"},\"primaryImageOfPage\":{\"@id\":\"https:\/\/sicaktava.com\/index.php\/referanslarimiz\/#primaryimage\"},\"image\":{\"@id\":\"https:\/\/sicaktava.com\/index.php\/referanslarimiz\/#primaryimage\"},\"thumbnailUrl\":\"https:\/\/sicaktava.com\/wp-content\/uploads\/2024\/11\/kim-market-darica-ya-sube-aciyor.jpg\",\"datePublished\":\"2024-11-05T21:30:44+00:00\",\"dateModified\":\"2024-11-05T22:03:26+00:00\",\"breadcrumb\":{\"@id\":\"https:\/\/sicaktava.com\/index.php\/referanslarimiz\/#breadcrumb\"},\"inLanguage\":\"tr\",\"potentialAction\":[{\"@type\":\"ReadAction\",\"target\":[\"https:\/\/sicaktava.com\/index.php\/referanslarimiz\/\"]}]},{\"@type\":\"ImageObject\",\"inLanguage\":\"tr\",\"@id\":\"https:\/\/sicaktava.com\/index.php\/referanslarimiz\/#primaryimage\",\"url\":\"https:\/\/sicaktava.com\/wp-content\/uploads\/2024\/11\/kim-market-darica-ya-sube-aciyor.jpg\",\"contentUrl\":\"https:\/\/sicaktava.com\/wp-content\/uploads\/2024\/11\/kim-market-darica-ya-sube-aciyor.jpg\",\"width\":650,\"height\":360},{\"@type\":\"BreadcrumbList\",\"@id\":\"https:\/\/sicaktava.com\/index.php\/referanslarimiz\/#breadcrumb\",\"itemListElement\":[{\"@type\":\"ListItem\",\"position\":1,\"name\":\"Anasayfa\",\"item\":\"https:\/\/sicaktava.com\/\"},{\"@type\":\"ListItem\",\"position\":2,\"name\":\"Referanslar\u0131m\u0131z\"}]},{\"@type\":\"WebSite\",\"@id\":\"https:\/\/sicaktava.com\/#website\",\"url\":\"https:\/\/sicaktava.com\/\",\"name\":\"S\u0131caktava\",\"description\":\"Lezzet Tedarik\u00e7isi S\u0131cak Tava ile \u0130\u015finize Tat Kat\u0131n!\",\"publisher\":{\"@id\":\"https:\/\/sicaktava.com\/#organization\"},\"potentialAction\":[{\"@type\":\"SearchAction\",\"target\":{\"@type\":\"EntryPoint\",\"urlTemplate\":\"https:\/\/sicaktava.com\/?s={search_term_string}\"},\"query-input\":{\"@type\":\"PropertyValueSpecification\",\"valueRequired\":true,\"valueName\":\"search_term_string\"}}],\"inLanguage\":\"tr\"},{\"@type\":\"Organization\",\"@id\":\"https:\/\/sicaktava.com\/#organization\",\"name\":\"SICAKTAVA PERAKENDE H\u0130ZMETLER\u0130 MA\u011eAZACILIK \u0130\u00c7 VE DI\u015e T\u0130C. A.\u015e.\",\"url\":\"https:\/\/sicaktava.com\/\",\"logo\":{\"@type\":\"ImageObject\",\"inLanguage\":\"tr\",\"@id\":\"https:\/\/sicaktava.com\/#\/schema\/logo\/image\/\",\"url\":\"https:\/\/sicaktava.com\/wp-content\/uploads\/2024\/11\/logo.png\",\"contentUrl\":\"https:\/\/sicaktava.com\/wp-content\/uploads\/2024\/11\/logo.png\",\"width\":369,\"height\":210,\"caption\":\"SICAKTAVA PERAKENDE H\u0130ZMETLER\u0130 MA\u011eAZACILIK \u0130\u00c7 VE DI\u015e T\u0130C. A.\u015e.\"},\"image\":{\"@id\":\"https:\/\/sicaktava.com\/#\/schema\/logo\/image\/\"}}]}<\/script>\n<!-- \/ Yoast SEO plugin. -->","yoast_head_json":{"title":"Referanslar\u0131m\u0131z - S\u0131caktava","robots":{"index":"index","follow":"follow","max-snippet":"max-snippet:-1","max-image-preview":"max-image-preview:large","max-video-preview":"max-video-preview:-1"},"canonical":"https:\/\/sicaktava.com\/index.php\/referanslarimiz\/","og_locale":"tr_TR","og_type":"article","og_title":"Referanslar\u0131m\u0131z - S\u0131caktava","og_description":"Referanslar\u0131m\u0131z","og_url":"https:\/\/sicaktava.com\/index.php\/referanslarimiz\/","og_site_name":"S\u0131caktava","article_modified_time":"2024-11-05T22:03:26+00:00","og_image":[{"url":"https:\/\/sicaktava.com\/wp-content\/uploads\/2024\/11\/kim-market-darica-ya-sube-aciyor.jpg"}],"twitter_card":"summary_large_image","schema":{"@context":"https:\/\/schema.org","@graph":[{"@type":"WebPage","@id":"https:\/\/sicaktava.com\/index.php\/referanslarimiz\/","url":"https:\/\/sicaktava.com\/index.php\/referanslarimiz\/","name":"Referanslar\u0131m\u0131z - S\u0131caktava","isPartOf":{"@id":"https:\/\/sicaktava.com\/#website"},"primaryImageOfPage":{"@id":"https:\/\/sicaktava.com\/index.php\/referanslarimiz\/#primaryimage"},"image":{"@id":"https:\/\/sicaktava.com\/index.php\/referanslarimiz\/#primaryimage"},"thumbnailUrl":"https:\/\/sicaktava.com\/wp-content\/uploads\/2024\/11\/kim-market-darica-ya-sube-aciyor.jpg","datePublished":"2024-11-05T21:30:44+00:00","dateModified":"2024-11-05T22:03:26+00:00","breadcrumb":{"@id":"https:\/\/sicaktava.com\/index.php\/referanslarimiz\/#breadcrumb"},"inLanguage":"tr","potentialAction":[{"@type":"ReadAction","target":["https:\/\/sicaktava.com\/index.php\/referanslarimiz\/"]}]},{"@type":"ImageObject","inLanguage":"tr","@id":"https:\/\/sicaktava.com\/index.php\/referanslarimiz\/#primaryimage","url":"https:\/\/sicaktava.com\/wp-content\/uploads\/2024\/11\/kim-market-darica-ya-sube-aciyor.jpg","contentUrl":"https:\/\/sicaktava.com\/wp-content\/uploads\/2024\/11\/kim-market-darica-ya-sube-aciyor.jpg","width":650,"height":360},{"@type":"BreadcrumbList","@id":"https:\/\/sicaktava.com\/index.php\/referanslarimiz\/#breadcrumb","itemListElement":[{"@type":"ListItem","position":1,"name":"Anasayfa","item":"https:\/\/sicaktava.com\/"},{"@type":"ListItem","position":2,"name":"Referanslar\u0131m\u0131z"}]},{"@type":"WebSite","@id":"https:\/\/sicaktava.com\/#website","url":"https:\/\/sicaktava.com\/","name":"S\u0131caktava","description":"Lezzet Tedarik\u00e7isi S\u0131cak Tava ile \u0130\u015finize Tat Kat\u0131n!","publisher":{"@id":"https:\/\/sicaktava.com\/#organization"},"potentialAction":[{"@type":"SearchAction","target":{"@type":"EntryPoint","urlTemplate":"https:\/\/sicaktava.com\/?s={search_term_string}"},"query-input":{"@type":"PropertyValueSpecification","valueRequired":true,"valueName":"search_term_string"}}],"inLanguage":"tr"},{"@type":"Organization","@id":"https:\/\/sicaktava.com\/#organization","name":"SICAKTAVA PERAKENDE H\u0130ZMETLER\u0130 MA\u011eAZACILIK \u0130\u00c7 VE DI\u015e T\u0130C. A.\u015e.","url":"https:\/\/sicaktava.com\/","logo":{"@type":"ImageObject","inLanguage":"tr","@id":"https:\/\/sicaktava.com\/#\/schema\/logo\/image\/","url":"https:\/\/sicaktava.com\/wp-content\/uploads\/2024\/11\/logo.png","contentUrl":"https:\/\/sicaktava.com\/wp-content\/uploads\/2024\/11\/logo.png","width":369,"height":210,"caption":"SICAKTAVA PERAKENDE H\u0130ZMETLER\u0130 MA\u011eAZACILIK \u0130\u00c7 VE DI\u015e T\u0130C. A.\u015e."},"image":{"@id":"https:\/\/sicaktava.com\/#\/schema\/logo\/image\/"}}]}},"_links":{"self":[{"href":"https:\/\/sicaktava.com\/index.php\/wp-json\/wp\/v2\/pages\/134","targetHints":{"allow":["GET"]}}],"collection":[{"href":"https:\/\/sicaktava.com\/index.php\/wp-json\/wp\/v2\/pages"}],"about":[{"href":"https:\/\/sicaktava.com\/index.php\/wp-json\/wp\/v2\/types\/page"}],"author":[{"embeddable":true,"href":"https:\/\/sicaktava.com\/index.php\/wp-json\/wp\/v2\/users\/1"}],"replies":[{"embeddable":true,"href":"https:\/\/sicaktava.com\/index.php\/wp-json\/wp\/v2\/comments?post=134"}],"version-history":[{"count":7,"href":"https:\/\/sicaktava.com\/index.php\/wp-json\/wp\/v2\/pages\/134\/revisions"}],"predecessor-version":[{"id":163,"href":"https:\/\/sicaktava.com\/index.php\/wp-json\/wp\/v2\/pages\/134\/revisions\/163"}],"wp:attachment":[{"href":"https:\/\/sicaktava.com\/index.php\/wp-json\/wp\/v2\/media?parent=134"}],"curies":[{"name":"wp","href":"https:\/\/api.w.org\/{rel}","templated":true}]}}