{"id":240,"date":"2024-11-08T21:39:52","date_gmt":"2024-11-08T21:39:52","guid":{"rendered":"https:\/\/sicaktava.com\/?page_id=240"},"modified":"2024-11-08T22:12:27","modified_gmt":"2024-11-08T22:12:27","slug":"404-2","status":"publish","type":"page","link":"https:\/\/sicaktava.com\/index.php\/404-2\/","title":{"rendered":"404"},"content":{"rendered":"\t\t<div data-elementor-type=\"wp-page\" data-elementor-id=\"240\" class=\"elementor elementor-240\">\n\t\t\t\t<div class=\"elementor-element elementor-element-94a48e3 e-flex e-con-boxed e-con e-parent\" data-id=\"94a48e3\" data-element_type=\"container\">\n\t\t\t\t\t<div class=\"e-con-inner\">\n\t\t<div class=\"elementor-element elementor-element-2260cc6 e-con-full e-flex e-con e-child\" data-id=\"2260cc6\" data-element_type=\"container\">\n\t\t\t\t<div class=\"elementor-element elementor-element-80a29f6 elementor-widget elementor-widget-heading\" data-id=\"80a29f6\" data-element_type=\"widget\" data-widget_type=\"heading.default\">\n\t\t\t\t<div class=\"elementor-widget-container\">\n\t\t\t<h2 class=\"elementor-heading-title elementor-size-default\">HATA!<\/h2>\t\t<\/div>\n\t\t\t\t<\/div>\n\t\t\t\t<div class=\"elementor-element elementor-element-540ae64 elementor-widget elementor-widget-heading\" data-id=\"540ae64\" data-element_type=\"widget\" data-widget_type=\"heading.default\">\n\t\t\t\t<div class=\"elementor-widget-container\">\n\t\t\t<h2 class=\"elementor-heading-title elementor-size-default\">404<\/h2>\t\t<\/div>\n\t\t\t\t<\/div>\n\t\t\t\t<div class=\"elementor-element elementor-element-b8b8170 elementor-widget elementor-widget-text-editor\" data-id=\"b8b8170\" data-element_type=\"widget\" data-widget_type=\"text-editor.default\">\n\t\t\t\t<div class=\"elementor-widget-container\">\n\t\t\t\t\t\t\t<p>Arad\u0131\u011f\u0131n\u0131z sayfaya ula\u015f\u0131lam\u0131yor. Sayfa yay\u0131ndan kald\u0131r\u0131lm\u0131\u015f veya link hatal\u0131d\u0131r.<\/p>\t\t\t\t\t\t<\/div>\n\t\t\t\t<\/div>\n\t\t\t\t<div class=\"elementor-element elementor-element-dae0d51 elementor-widget elementor-widget-button\" data-id=\"dae0d51\" data-element_type=\"widget\" data-widget_type=\"button.default\">\n\t\t\t\t<div class=\"elementor-widget-container\">\n\t\t\t\t\t\t\t<div class=\"elementor-button-wrapper\">\n\t\t\t\t\t<a class=\"elementor-button elementor-button-link elementor-size-sm\" href=\"https:\/\/sicaktava.com\/\">\n\t\t\t\t\t\t<span class=\"elementor-button-content-wrapper\">\n\t\t\t\t\t\t\t\t\t<span class=\"elementor-button-text\">Anasayfa<\/span>\n\t\t\t\t\t<\/span>\n\t\t\t\t\t<\/a>\n\t\t\t\t<\/div>\n\t\t\t\t\t\t<\/div>\n\t\t\t\t<\/div>\n\t\t\t\t<\/div>\n\t\t\t\t\t<\/div>\n\t\t\t\t<\/div>\n\t\t\t\t<\/div>\n\t\t","protected":false},"excerpt":{"rendered":"<p>HATA! 404 Arad\u0131\u011f\u0131n\u0131z sayfaya ula\u015f\u0131lam\u0131yor. Sayfa yay\u0131ndan kald\u0131r\u0131lm\u0131\u015f veya link hatal\u0131d\u0131r. Anasayfa<\/p>\n","protected":false},"author":1,"featured_media":0,"parent":0,"menu_order":0,"comment_status":"closed","ping_status":"closed","template":"","meta":{"_kad_post_transparent":"","_kad_post_title":"hide","_kad_post_layout":"fullwidth","_kad_post_sidebar_id":"","_kad_post_content_style":"unboxed","_kad_post_vertical_padding":"hide","_kad_post_feature":"hide","_kad_post_feature_position":"","_kad_post_header":false,"_kad_post_footer":false,"footnotes":""},"class_list":["post-240","page","type-page","status-publish","hentry"],"yoast_head":"<!-- This site is optimized with the Yoast SEO plugin v23.8 - https:\/\/yoast.com\/wordpress\/plugins\/seo\/ -->\n<title>404 - S\u0131caktava<\/title>\n<meta name=\"robots\" content=\"index, follow, max-snippet:-1, max-image-preview:large, max-video-preview:-1\" \/>\n<link rel=\"canonical\" href=\"https:\/\/sicaktava.com\/index.php\/404-2\/\" \/>\n<meta property=\"og:locale\" content=\"tr_TR\" \/>\n<meta property=\"og:type\" content=\"article\" \/>\n<meta property=\"og:title\" content=\"404 - S\u0131caktava\" \/>\n<meta property=\"og:description\" content=\"HATA! 404 Arad\u0131\u011f\u0131n\u0131z sayfaya ula\u015f\u0131lam\u0131yor. Sayfa yay\u0131ndan kald\u0131r\u0131lm\u0131\u015f veya link hatal\u0131d\u0131r. Anasayfa\" \/>\n<meta property=\"og:url\" content=\"https:\/\/sicaktava.com\/index.php\/404-2\/\" \/>\n<meta property=\"og:site_name\" content=\"S\u0131caktava\" \/>\n<meta property=\"article:modified_time\" content=\"2024-11-08T22:12:27+00:00\" \/>\n<meta property=\"og:image\" content=\"https:\/\/sicaktava.com\/wp-content\/uploads\/2024\/11\/logo.png\" \/>\n\t<meta property=\"og:image:width\" content=\"369\" \/>\n\t<meta property=\"og:image:height\" content=\"210\" \/>\n\t<meta property=\"og:image:type\" content=\"image\/png\" \/>\n<meta name=\"twitter:card\" content=\"summary_large_image\" \/>\n<script type=\"application\/ld+json\" class=\"yoast-schema-graph\">{\"@context\":\"https:\/\/schema.org\",\"@graph\":[{\"@type\":\"WebPage\",\"@id\":\"https:\/\/sicaktava.com\/index.php\/404-2\/\",\"url\":\"https:\/\/sicaktava.com\/index.php\/404-2\/\",\"name\":\"404 - S\u0131caktava\",\"isPartOf\":{\"@id\":\"https:\/\/sicaktava.com\/#website\"},\"datePublished\":\"2024-11-08T21:39:52+00:00\",\"dateModified\":\"2024-11-08T22:12:27+00:00\",\"breadcrumb\":{\"@id\":\"https:\/\/sicaktava.com\/index.php\/404-2\/#breadcrumb\"},\"inLanguage\":\"tr\",\"potentialAction\":[{\"@type\":\"ReadAction\",\"target\":[\"https:\/\/sicaktava.com\/index.php\/404-2\/\"]}]},{\"@type\":\"BreadcrumbList\",\"@id\":\"https:\/\/sicaktava.com\/index.php\/404-2\/#breadcrumb\",\"itemListElement\":[{\"@type\":\"ListItem\",\"position\":1,\"name\":\"Anasayfa\",\"item\":\"https:\/\/sicaktava.com\/\"},{\"@type\":\"ListItem\",\"position\":2,\"name\":\"404\"}]},{\"@type\":\"WebSite\",\"@id\":\"https:\/\/sicaktava.com\/#website\",\"url\":\"https:\/\/sicaktava.com\/\",\"name\":\"S\u0131caktava\",\"description\":\"Lezzet Tedarik\u00e7isi S\u0131cak Tava ile \u0130\u015finize Tat Kat\u0131n!\",\"publisher\":{\"@id\":\"https:\/\/sicaktava.com\/#organization\"},\"potentialAction\":[{\"@type\":\"SearchAction\",\"target\":{\"@type\":\"EntryPoint\",\"urlTemplate\":\"https:\/\/sicaktava.com\/?s={search_term_string}\"},\"query-input\":{\"@type\":\"PropertyValueSpecification\",\"valueRequired\":true,\"valueName\":\"search_term_string\"}}],\"inLanguage\":\"tr\"},{\"@type\":\"Organization\",\"@id\":\"https:\/\/sicaktava.com\/#organization\",\"name\":\"SICAKTAVA PERAKENDE H\u0130ZMETLER\u0130 MA\u011eAZACILIK \u0130\u00c7 VE DI\u015e T\u0130C. A.\u015e.\",\"url\":\"https:\/\/sicaktava.com\/\",\"logo\":{\"@type\":\"ImageObject\",\"inLanguage\":\"tr\",\"@id\":\"https:\/\/sicaktava.com\/#\/schema\/logo\/image\/\",\"url\":\"https:\/\/sicaktava.com\/wp-content\/uploads\/2024\/11\/logo.png\",\"contentUrl\":\"https:\/\/sicaktava.com\/wp-content\/uploads\/2024\/11\/logo.png\",\"width\":369,\"height\":210,\"caption\":\"SICAKTAVA PERAKENDE H\u0130ZMETLER\u0130 MA\u011eAZACILIK \u0130\u00c7 VE DI\u015e T\u0130C. A.\u015e.\"},\"image\":{\"@id\":\"https:\/\/sicaktava.com\/#\/schema\/logo\/image\/\"}}]}<\/script>\n<!-- \/ Yoast SEO plugin. -->","yoast_head_json":{"title":"404 - S\u0131caktava","robots":{"index":"index","follow":"follow","max-snippet":"max-snippet:-1","max-image-preview":"max-image-preview:large","max-video-preview":"max-video-preview:-1"},"canonical":"https:\/\/sicaktava.com\/index.php\/404-2\/","og_locale":"tr_TR","og_type":"article","og_title":"404 - S\u0131caktava","og_description":"HATA! 404 Arad\u0131\u011f\u0131n\u0131z sayfaya ula\u015f\u0131lam\u0131yor. Sayfa yay\u0131ndan kald\u0131r\u0131lm\u0131\u015f veya link hatal\u0131d\u0131r. Anasayfa","og_url":"https:\/\/sicaktava.com\/index.php\/404-2\/","og_site_name":"S\u0131caktava","article_modified_time":"2024-11-08T22:12:27+00:00","og_image":[{"width":369,"height":210,"url":"https:\/\/sicaktava.com\/wp-content\/uploads\/2024\/11\/logo.png","type":"image\/png"}],"twitter_card":"summary_large_image","schema":{"@context":"https:\/\/schema.org","@graph":[{"@type":"WebPage","@id":"https:\/\/sicaktava.com\/index.php\/404-2\/","url":"https:\/\/sicaktava.com\/index.php\/404-2\/","name":"404 - S\u0131caktava","isPartOf":{"@id":"https:\/\/sicaktava.com\/#website"},"datePublished":"2024-11-08T21:39:52+00:00","dateModified":"2024-11-08T22:12:27+00:00","breadcrumb":{"@id":"https:\/\/sicaktava.com\/index.php\/404-2\/#breadcrumb"},"inLanguage":"tr","potentialAction":[{"@type":"ReadAction","target":["https:\/\/sicaktava.com\/index.php\/404-2\/"]}]},{"@type":"BreadcrumbList","@id":"https:\/\/sicaktava.com\/index.php\/404-2\/#breadcrumb","itemListElement":[{"@type":"ListItem","position":1,"name":"Anasayfa","item":"https:\/\/sicaktava.com\/"},{"@type":"ListItem","position":2,"name":"404"}]},{"@type":"WebSite","@id":"https:\/\/sicaktava.com\/#website","url":"https:\/\/sicaktava.com\/","name":"S\u0131caktava","description":"Lezzet Tedarik\u00e7isi S\u0131cak Tava ile \u0130\u015finize Tat Kat\u0131n!","publisher":{"@id":"https:\/\/sicaktava.com\/#organization"},"potentialAction":[{"@type":"SearchAction","target":{"@type":"EntryPoint","urlTemplate":"https:\/\/sicaktava.com\/?s={search_term_string}"},"query-input":{"@type":"PropertyValueSpecification","valueRequired":true,"valueName":"search_term_string"}}],"inLanguage":"tr"},{"@type":"Organization","@id":"https:\/\/sicaktava.com\/#organization","name":"SICAKTAVA PERAKENDE H\u0130ZMETLER\u0130 MA\u011eAZACILIK \u0130\u00c7 VE DI\u015e T\u0130C. A.\u015e.","url":"https:\/\/sicaktava.com\/","logo":{"@type":"ImageObject","inLanguage":"tr","@id":"https:\/\/sicaktava.com\/#\/schema\/logo\/image\/","url":"https:\/\/sicaktava.com\/wp-content\/uploads\/2024\/11\/logo.png","contentUrl":"https:\/\/sicaktava.com\/wp-content\/uploads\/2024\/11\/logo.png","width":369,"height":210,"caption":"SICAKTAVA PERAKENDE H\u0130ZMETLER\u0130 MA\u011eAZACILIK \u0130\u00c7 VE DI\u015e T\u0130C. A.\u015e."},"image":{"@id":"https:\/\/sicaktava.com\/#\/schema\/logo\/image\/"}}]}},"_links":{"self":[{"href":"https:\/\/sicaktava.com\/index.php\/wp-json\/wp\/v2\/pages\/240","targetHints":{"allow":["GET"]}}],"collection":[{"href":"https:\/\/sicaktava.com\/index.php\/wp-json\/wp\/v2\/pages"}],"about":[{"href":"https:\/\/sicaktava.com\/index.php\/wp-json\/wp\/v2\/types\/page"}],"author":[{"embeddable":true,"href":"https:\/\/sicaktava.com\/index.php\/wp-json\/wp\/v2\/users\/1"}],"replies":[{"embeddable":true,"href":"https:\/\/sicaktava.com\/index.php\/wp-json\/wp\/v2\/comments?post=240"}],"version-history":[{"count":4,"href":"https:\/\/sicaktava.com\/index.php\/wp-json\/wp\/v2\/pages\/240\/revisions"}],"predecessor-version":[{"id":246,"href":"https:\/\/sicaktava.com\/index.php\/wp-json\/wp\/v2\/pages\/240\/revisions\/246"}],"wp:attachment":[{"href":"https:\/\/sicaktava.com\/index.php\/wp-json\/wp\/v2\/media?parent=240"}],"curies":[{"name":"wp","href":"https:\/\/api.w.org\/{rel}","templated":true}]}}