{"id":55,"date":"2024-11-05T15:31:35","date_gmt":"2024-11-05T15:31:35","guid":{"rendered":"https:\/\/sicaktava.com\/?page_id=55"},"modified":"2024-11-05T20:16:48","modified_gmt":"2024-11-05T20:16:48","slug":"iletisim","status":"publish","type":"page","link":"https:\/\/sicaktava.com\/index.php\/iletisim\/","title":{"rendered":"\u0130leti\u015fim"},"content":{"rendered":"\t\t<div data-elementor-type=\"wp-page\" data-elementor-id=\"55\" class=\"elementor elementor-55\">\n\t\t\t\t<div class=\"elementor-element elementor-element-4fdf107 e-flex e-con-boxed e-con e-parent\" data-id=\"4fdf107\" data-element_type=\"container\" data-settings=\"{&quot;background_background&quot;:&quot;classic&quot;}\">\n\t\t\t\t\t<div class=\"e-con-inner\">\n\t\t<div class=\"elementor-element elementor-element-62d84a1 e-con-full e-flex e-con e-child\" data-id=\"62d84a1\" data-element_type=\"container\" data-settings=\"{&quot;background_background&quot;:&quot;gradient&quot;}\">\n\t\t\t\t<div class=\"elementor-element elementor-element-9125a76 elementor-widget elementor-widget-heading\" data-id=\"9125a76\" data-element_type=\"widget\" data-widget_type=\"heading.default\">\n\t\t\t\t<div class=\"elementor-widget-container\">\n\t\t\t<h2 class=\"elementor-heading-title elementor-size-default\">\u0130leti\u015fim Bilgilerimiz<\/h2>\t\t<\/div>\n\t\t\t\t<\/div>\n\t\t\t\t<\/div>\n\t\t\t\t\t<\/div>\n\t\t\t\t<\/div>\n\t\t<div class=\"elementor-element elementor-element-8d6e3d3 e-flex e-con-boxed e-con e-parent\" data-id=\"8d6e3d3\" data-element_type=\"container\">\n\t\t\t\t\t<div class=\"e-con-inner\">\n\t\t\t\t<div class=\"elementor-element elementor-element-64a8af4 elementor-widget elementor-widget-google_maps\" data-id=\"64a8af4\" data-element_type=\"widget\" data-widget_type=\"google_maps.default\">\n\t\t\t\t<div class=\"elementor-widget-container\">\n\t\t\t\t\t<div class=\"elementor-custom-embed\">\n\t\t\t<iframe loading=\"lazy\"\n\t\t\t\t\tsrc=\"https:\/\/maps.google.com\/maps?q=Ata%C5%9Fehir%20Atat%C3%BCrk%2C%20Ata%C5%9Fehir%20Blv.%20No%3A16%2C%2034758%20Ata%C5%9Fehir%2F%C4%B0stanbul&#038;t=m&#038;z=10&#038;output=embed&#038;iwloc=near\"\n\t\t\t\t\ttitle=\"Ata\u015fehir Atat\u00fcrk, Ata\u015fehir Blv. No:16, 34758 Ata\u015fehir\/\u0130stanbul\"\n\t\t\t\t\taria-label=\"Ata\u015fehir Atat\u00fcrk, Ata\u015fehir Blv. No:16, 34758 Ata\u015fehir\/\u0130stanbul\"\n\t\t\t><\/iframe>\n\t\t<\/div>\n\t\t\t\t<\/div>\n\t\t\t\t<\/div>\n\t\t\t\t\t<\/div>\n\t\t\t\t<\/div>\n\t\t<div class=\"elementor-element elementor-element-cd1679d e-flex e-con-boxed e-con e-parent\" data-id=\"cd1679d\" data-element_type=\"container\">\n\t\t\t\t\t<div class=\"e-con-inner\">\n\t\t<div class=\"elementor-element elementor-element-08ddcb9 e-con-full e-flex e-con e-child\" data-id=\"08ddcb9\" data-element_type=\"container\">\n\t\t<div class=\"elementor-element elementor-element-e111729 e-grid e-con-full e-con e-child\" data-id=\"e111729\" data-element_type=\"container\">\n\t\t\t\t<div class=\"elementor-element elementor-element-89a5e8d elementor-widget elementor-widget-text-editor\" data-id=\"89a5e8d\" data-element_type=\"widget\" data-widget_type=\"text-editor.default\">\n\t\t\t\t<div class=\"elementor-widget-container\">\n\t\t\t\t\t\t\t<p>Adresimiz<\/p>\t\t\t\t\t\t<\/div>\n\t\t\t\t<\/div>\n\t\t\t\t<div class=\"elementor-element elementor-element-7e20f85 elementor-widget elementor-widget-text-editor\" data-id=\"7e20f85\" data-element_type=\"widget\" data-widget_type=\"text-editor.default\">\n\t\t\t\t<div class=\"elementor-widget-container\">\n\t\t\t\t\t\t\t<p>Atat\u00fcrk Mah. Ata\u015fehir Bul. Ata4\/ATSH Sitesi Plaza Blok No:16 \u0130\u00e7 Kap\u0131 No: 54\u00a0 <strong>Ata\u015fehir \/ \u0130STANBUL<\/strong><\/p>\t\t\t\t\t\t<\/div>\n\t\t\t\t<\/div>\n\t\t\t\t<div class=\"elementor-element elementor-element-f0dc366 elementor-widget elementor-widget-text-editor\" data-id=\"f0dc366\" data-element_type=\"widget\" data-widget_type=\"text-editor.default\">\n\t\t\t\t<div class=\"elementor-widget-container\">\n\t\t\t\t\t\t\t<p>Telefon Numaralar\u0131m\u0131z<\/p>\t\t\t\t\t\t<\/div>\n\t\t\t\t<\/div>\n\t\t\t\t<div class=\"elementor-element elementor-element-5017fca elementor-widget elementor-widget-text-editor\" data-id=\"5017fca\" data-element_type=\"widget\" data-widget_type=\"text-editor.default\">\n\t\t\t\t<div class=\"elementor-widget-container\">\n\t\t\t\t\t\t\t<p>+90 216 688 34 33<\/p>\t\t\t\t\t\t<\/div>\n\t\t\t\t<\/div>\n\t\t\t\t<div class=\"elementor-element elementor-element-ff6a0ed elementor-widget elementor-widget-text-editor\" data-id=\"ff6a0ed\" data-element_type=\"widget\" data-widget_type=\"text-editor.default\">\n\t\t\t\t<div class=\"elementor-widget-container\">\n\t\t\t\t\t\t\t<p>E-Posta Adreslerimiz<\/p>\t\t\t\t\t\t<\/div>\n\t\t\t\t<\/div>\n\t\t\t\t<div class=\"elementor-element elementor-element-55ae895 elementor-widget elementor-widget-text-editor\" data-id=\"55ae895\" data-element_type=\"widget\" data-widget_type=\"text-editor.default\">\n\t\t\t\t<div class=\"elementor-widget-container\">\n\t\t\t\t\t\t\t<p>info@sicaktava.com<\/p>\t\t\t\t\t\t<\/div>\n\t\t\t\t<\/div>\n\t\t\t\t<\/div>\n\t\t\t\t<\/div>\n\t\t\t\t\t<\/div>\n\t\t\t\t<\/div>\n\t\t<div class=\"elementor-element elementor-element-b6bcc03 e-flex e-con-boxed e-con e-parent\" data-id=\"b6bcc03\" data-element_type=\"container\">\n\t\t\t\t\t<div class=\"e-con-inner\">\n\t\t\t\t\t<\/div>\n\t\t\t\t<\/div>\n\t\t\t\t<\/div>\n\t\t","protected":false},"excerpt":{"rendered":"<p>\u0130leti\u015fim Bilgilerimiz Adresimiz Atat\u00fcrk Mah. Ata\u015fehir Bul. Ata4\/ATSH Sitesi Plaza Blok No:16 \u0130\u00e7 Kap\u0131 No: 54\u00a0 Ata\u015fehir \/ \u0130STANBUL Telefon Numaralar\u0131m\u0131z +90 216 688 34 33 E-Posta Adreslerimiz info@sicaktava.com<\/p>\n","protected":false},"author":1,"featured_media":0,"parent":0,"menu_order":0,"comment_status":"closed","ping_status":"closed","template":"","meta":{"_kad_post_transparent":"","_kad_post_title":"hide","_kad_post_layout":"fullwidth","_kad_post_sidebar_id":"","_kad_post_content_style":"unboxed","_kad_post_vertical_padding":"hide","_kad_post_feature":"hide","_kad_post_feature_position":"","_kad_post_header":false,"_kad_post_footer":false,"footnotes":""},"class_list":["post-55","page","type-page","status-publish","hentry"],"yoast_head":"<!-- This site is optimized with the Yoast SEO plugin v23.8 - https:\/\/yoast.com\/wordpress\/plugins\/seo\/ -->\n<title>\u0130leti\u015fim - S\u0131caktava<\/title>\n<meta name=\"robots\" content=\"index, follow, max-snippet:-1, max-image-preview:large, max-video-preview:-1\" \/>\n<link rel=\"canonical\" href=\"https:\/\/sicaktava.com\/index.php\/iletisim\/\" \/>\n<meta property=\"og:locale\" content=\"tr_TR\" \/>\n<meta property=\"og:type\" content=\"article\" \/>\n<meta property=\"og:title\" content=\"\u0130leti\u015fim - S\u0131caktava\" \/>\n<meta property=\"og:description\" content=\"\u0130leti\u015fim Bilgilerimiz Adresimiz Atat\u00fcrk Mah. Ata\u015fehir Bul. Ata4\/ATSH Sitesi Plaza Blok No:16 \u0130\u00e7 Kap\u0131 No: 54\u00a0 Ata\u015fehir \/ \u0130STANBUL Telefon Numaralar\u0131m\u0131z +90 216 688 34 33 E-Posta Adreslerimiz info@sicaktava.com\" \/>\n<meta property=\"og:url\" content=\"https:\/\/sicaktava.com\/index.php\/iletisim\/\" \/>\n<meta property=\"og:site_name\" content=\"S\u0131caktava\" \/>\n<meta property=\"article:modified_time\" content=\"2024-11-05T20:16:48+00:00\" \/>\n<meta property=\"og:image\" content=\"https:\/\/sicaktava.com\/wp-content\/uploads\/2024\/11\/logo.png\" \/>\n\t<meta property=\"og:image:width\" content=\"369\" \/>\n\t<meta property=\"og:image:height\" content=\"210\" \/>\n\t<meta property=\"og:image:type\" content=\"image\/png\" \/>\n<meta name=\"twitter:card\" content=\"summary_large_image\" \/>\n<script type=\"application\/ld+json\" class=\"yoast-schema-graph\">{\"@context\":\"https:\/\/schema.org\",\"@graph\":[{\"@type\":\"WebPage\",\"@id\":\"https:\/\/sicaktava.com\/index.php\/iletisim\/\",\"url\":\"https:\/\/sicaktava.com\/index.php\/iletisim\/\",\"name\":\"\u0130leti\u015fim - S\u0131caktava\",\"isPartOf\":{\"@id\":\"https:\/\/sicaktava.com\/#website\"},\"datePublished\":\"2024-11-05T15:31:35+00:00\",\"dateModified\":\"2024-11-05T20:16:48+00:00\",\"breadcrumb\":{\"@id\":\"https:\/\/sicaktava.com\/index.php\/iletisim\/#breadcrumb\"},\"inLanguage\":\"tr\",\"potentialAction\":[{\"@type\":\"ReadAction\",\"target\":[\"https:\/\/sicaktava.com\/index.php\/iletisim\/\"]}]},{\"@type\":\"BreadcrumbList\",\"@id\":\"https:\/\/sicaktava.com\/index.php\/iletisim\/#breadcrumb\",\"itemListElement\":[{\"@type\":\"ListItem\",\"position\":1,\"name\":\"Anasayfa\",\"item\":\"https:\/\/sicaktava.com\/\"},{\"@type\":\"ListItem\",\"position\":2,\"name\":\"\u0130leti\u015fim\"}]},{\"@type\":\"WebSite\",\"@id\":\"https:\/\/sicaktava.com\/#website\",\"url\":\"https:\/\/sicaktava.com\/\",\"name\":\"S\u0131caktava\",\"description\":\"Lezzet Tedarik\u00e7isi S\u0131cak Tava ile \u0130\u015finize Tat Kat\u0131n!\",\"publisher\":{\"@id\":\"https:\/\/sicaktava.com\/#organization\"},\"potentialAction\":[{\"@type\":\"SearchAction\",\"target\":{\"@type\":\"EntryPoint\",\"urlTemplate\":\"https:\/\/sicaktava.com\/?s={search_term_string}\"},\"query-input\":{\"@type\":\"PropertyValueSpecification\",\"valueRequired\":true,\"valueName\":\"search_term_string\"}}],\"inLanguage\":\"tr\"},{\"@type\":\"Organization\",\"@id\":\"https:\/\/sicaktava.com\/#organization\",\"name\":\"SICAKTAVA PERAKENDE H\u0130ZMETLER\u0130 MA\u011eAZACILIK \u0130\u00c7 VE DI\u015e T\u0130C. A.\u015e.\",\"url\":\"https:\/\/sicaktava.com\/\",\"logo\":{\"@type\":\"ImageObject\",\"inLanguage\":\"tr\",\"@id\":\"https:\/\/sicaktava.com\/#\/schema\/logo\/image\/\",\"url\":\"https:\/\/sicaktava.com\/wp-content\/uploads\/2024\/11\/logo.png\",\"contentUrl\":\"https:\/\/sicaktava.com\/wp-content\/uploads\/2024\/11\/logo.png\",\"width\":369,\"height\":210,\"caption\":\"SICAKTAVA PERAKENDE H\u0130ZMETLER\u0130 MA\u011eAZACILIK \u0130\u00c7 VE DI\u015e T\u0130C. A.\u015e.\"},\"image\":{\"@id\":\"https:\/\/sicaktava.com\/#\/schema\/logo\/image\/\"}}]}<\/script>\n<!-- \/ Yoast SEO plugin. -->","yoast_head_json":{"title":"\u0130leti\u015fim - S\u0131caktava","robots":{"index":"index","follow":"follow","max-snippet":"max-snippet:-1","max-image-preview":"max-image-preview:large","max-video-preview":"max-video-preview:-1"},"canonical":"https:\/\/sicaktava.com\/index.php\/iletisim\/","og_locale":"tr_TR","og_type":"article","og_title":"\u0130leti\u015fim - S\u0131caktava","og_description":"\u0130leti\u015fim Bilgilerimiz Adresimiz Atat\u00fcrk Mah. Ata\u015fehir Bul. Ata4\/ATSH Sitesi Plaza Blok No:16 \u0130\u00e7 Kap\u0131 No: 54\u00a0 Ata\u015fehir \/ \u0130STANBUL Telefon Numaralar\u0131m\u0131z +90 216 688 34 33 E-Posta Adreslerimiz info@sicaktava.com","og_url":"https:\/\/sicaktava.com\/index.php\/iletisim\/","og_site_name":"S\u0131caktava","article_modified_time":"2024-11-05T20:16:48+00:00","og_image":[{"width":369,"height":210,"url":"https:\/\/sicaktava.com\/wp-content\/uploads\/2024\/11\/logo.png","type":"image\/png"}],"twitter_card":"summary_large_image","schema":{"@context":"https:\/\/schema.org","@graph":[{"@type":"WebPage","@id":"https:\/\/sicaktava.com\/index.php\/iletisim\/","url":"https:\/\/sicaktava.com\/index.php\/iletisim\/","name":"\u0130leti\u015fim - S\u0131caktava","isPartOf":{"@id":"https:\/\/sicaktava.com\/#website"},"datePublished":"2024-11-05T15:31:35+00:00","dateModified":"2024-11-05T20:16:48+00:00","breadcrumb":{"@id":"https:\/\/sicaktava.com\/index.php\/iletisim\/#breadcrumb"},"inLanguage":"tr","potentialAction":[{"@type":"ReadAction","target":["https:\/\/sicaktava.com\/index.php\/iletisim\/"]}]},{"@type":"BreadcrumbList","@id":"https:\/\/sicaktava.com\/index.php\/iletisim\/#breadcrumb","itemListElement":[{"@type":"ListItem","position":1,"name":"Anasayfa","item":"https:\/\/sicaktava.com\/"},{"@type":"ListItem","position":2,"name":"\u0130leti\u015fim"}]},{"@type":"WebSite","@id":"https:\/\/sicaktava.com\/#website","url":"https:\/\/sicaktava.com\/","name":"S\u0131caktava","description":"Lezzet Tedarik\u00e7isi S\u0131cak Tava ile \u0130\u015finize Tat Kat\u0131n!","publisher":{"@id":"https:\/\/sicaktava.com\/#organization"},"potentialAction":[{"@type":"SearchAction","target":{"@type":"EntryPoint","urlTemplate":"https:\/\/sicaktava.com\/?s={search_term_string}"},"query-input":{"@type":"PropertyValueSpecification","valueRequired":true,"valueName":"search_term_string"}}],"inLanguage":"tr"},{"@type":"Organization","@id":"https:\/\/sicaktava.com\/#organization","name":"SICAKTAVA PERAKENDE H\u0130ZMETLER\u0130 MA\u011eAZACILIK \u0130\u00c7 VE DI\u015e T\u0130C. A.\u015e.","url":"https:\/\/sicaktava.com\/","logo":{"@type":"ImageObject","inLanguage":"tr","@id":"https:\/\/sicaktava.com\/#\/schema\/logo\/image\/","url":"https:\/\/sicaktava.com\/wp-content\/uploads\/2024\/11\/logo.png","contentUrl":"https:\/\/sicaktava.com\/wp-content\/uploads\/2024\/11\/logo.png","width":369,"height":210,"caption":"SICAKTAVA PERAKENDE H\u0130ZMETLER\u0130 MA\u011eAZACILIK \u0130\u00c7 VE DI\u015e T\u0130C. A.\u015e."},"image":{"@id":"https:\/\/sicaktava.com\/#\/schema\/logo\/image\/"}}]}},"_links":{"self":[{"href":"https:\/\/sicaktava.com\/index.php\/wp-json\/wp\/v2\/pages\/55","targetHints":{"allow":["GET"]}}],"collection":[{"href":"https:\/\/sicaktava.com\/index.php\/wp-json\/wp\/v2\/pages"}],"about":[{"href":"https:\/\/sicaktava.com\/index.php\/wp-json\/wp\/v2\/types\/page"}],"author":[{"embeddable":true,"href":"https:\/\/sicaktava.com\/index.php\/wp-json\/wp\/v2\/users\/1"}],"replies":[{"embeddable":true,"href":"https:\/\/sicaktava.com\/index.php\/wp-json\/wp\/v2\/comments?post=55"}],"version-history":[{"count":13,"href":"https:\/\/sicaktava.com\/index.php\/wp-json\/wp\/v2\/pages\/55\/revisions"}],"predecessor-version":[{"id":107,"href":"https:\/\/sicaktava.com\/index.php\/wp-json\/wp\/v2\/pages\/55\/revisions\/107"}],"wp:attachment":[{"href":"https:\/\/sicaktava.com\/index.php\/wp-json\/wp\/v2\/media?parent=55"}],"curies":[{"name":"wp","href":"https:\/\/api.w.org\/{rel}","templated":true}]}}